{"id":15971,"date":"2022-11-03T09:42:27","date_gmt":"2022-11-03T08:42:27","guid":{"rendered":"https:\/\/witte-lastrup.de\/pig-o-bello-plus\/"},"modified":"2022-12-19T15:16:11","modified_gmt":"2022-12-19T14:16:11","slug":"pig-o-bello-plus","status":"publish","type":"page","link":"https:\/\/witte-lastrup.de\/en\/pig-o-bello-plus\/","title":{"rendered":"pig-o-bello plus"},"content":{"rendered":"<p><div class=\"fusion-fullwidth fullwidth-box fusion-builder-row-1 fusion-flex-container has-pattern-background has-mask-background hundred-percent-fullwidth non-hundred-percent-height-scrolling\" style=\"--awb-border-color:var(--awb-custom_color_1);--awb-border-radius-top-left:0px;--awb-border-radius-top-right:0px;--awb-border-radius-bottom-right:0px;--awb-border-radius-bottom-left:0px;--awb-padding-top:0px;--awb-padding-right:0px;--awb-padding-bottom:0px;--awb-padding-left:0px;--awb-min-height:70vh;--awb-min-height-small:50vh;--awb-background-image:linear-gradient(135deg, var(--awb-color1) 50%,var(--awb-custom_color_3) 100%);;\" ><div class=\"fusion-builder-row fusion-row fusion-flex-align-items-stretch\" style=\"width:calc( 100% + 0px ) !important;max-width:calc( 100% + 0px ) !important;margin-left: calc(-0px \/ 2 );margin-right: calc(-0px \/ 2 );\"><div class=\"fusion-layout-column fusion_builder_column fusion-builder-column-0 fusion_builder_column_1_3 1_3 fusion-flex-column\" style=\"--awb-padding-top:120px;--awb-padding-right:5%;--awb-padding-bottom:80px;--awb-padding-left:25%;--awb-padding-right-small:15%;--awb-padding-left-small:15%;--awb-bg-size:cover;--awb-width-large:33.333333333333%;--awb-spacing-right-large:0;--awb-spacing-left-large:0;--awb-width-medium:33.333333333333%;--awb-order-medium:0;--awb-spacing-right-medium:0;--awb-spacing-left-medium:0;--awb-width-small:100%;--awb-order-small:0;--awb-spacing-right-small:0;--awb-spacing-left-small:0;\"><div class=\"fusion-column-wrapper fusion-column-has-shadow fusion-flex-justify-content-center fusion-content-layout-column\"><div class=\"fusion-text fusion-text-1 fusion-no-small-visibility fusion-text-no-margin\" style=\"--awb-font-size:34px;--awb-line-height:1.1;--awb-text-color:var(--awb-custom_color_1);--awb-margin-bottom:25px;--awb-text-font-family:&quot;Nexa Bold&quot;;--awb-text-font-style:normal;--awb-text-font-weight:400;\"><p>Unsere Produktinnovation<br \/>\npig-o-bello plus.<\/p>\n<\/div><\/div><\/div><div class=\"fusion-layout-column fusion_builder_column fusion-builder-column-1 fusion_builder_column_2_3 2_3 fusion-flex-column\" style=\"--awb-padding-top:120px;--awb-padding-right:15%;--awb-padding-left:10%;--awb-padding-top-medium:0px;--awb-padding-left-medium:15%;--awb-bg-size:cover;--awb-width-large:66.666666666667%;--awb-spacing-right-large:0;--awb-spacing-left-large:0;--awb-width-medium:66.666666666667%;--awb-order-medium:0;--awb-spacing-right-medium:0;--awb-spacing-left-medium:0;--awb-width-small:100%;--awb-order-small:0;--awb-spacing-right-small:0;--awb-spacing-left-small:0;\"><div class=\"fusion-column-wrapper fusion-column-has-shadow fusion-flex-justify-content-flex-end fusion-content-layout-column\"><div class=\"fusion-image-element \"><span class=\" fusion-imageframe imageframe-none imageframe-1 hover-type-none\"><img decoding=\"async\" width=\"1474\" height=\"929\" title=\"pig-o-bello-plus-illu\" src=\"https:\/\/witte-lastrup.de\/wp-content\/uploads\/2022\/11\/pig-o-bello-plus-illu.png\" alt class=\"img-responsive wp-image-15676\" srcset=\"https:\/\/witte-lastrup.de\/wp-content\/uploads\/2022\/11\/pig-o-bello-plus-illu-200x126.png 200w, https:\/\/witte-lastrup.de\/wp-content\/uploads\/2022\/11\/pig-o-bello-plus-illu-400x252.png 400w, https:\/\/witte-lastrup.de\/wp-content\/uploads\/2022\/11\/pig-o-bello-plus-illu-600x378.png 600w, https:\/\/witte-lastrup.de\/wp-content\/uploads\/2022\/11\/pig-o-bello-plus-illu-800x504.png 800w, https:\/\/witte-lastrup.de\/wp-content\/uploads\/2022\/11\/pig-o-bello-plus-illu-1200x756.png 1200w, https:\/\/witte-lastrup.de\/wp-content\/uploads\/2022\/11\/pig-o-bello-plus-illu.png 1474w\" sizes=\"(max-width: 640px) 100vw, 1474px\" \/><\/span><\/div><\/div><\/div><\/div><\/div><div class=\"fusion-fullwidth fullwidth-box fusion-builder-row-2 fusion-flex-container nonhundred-percent-fullwidth non-hundred-percent-height-scrolling\" style=\"--awb-border-radius-top-left:0px;--awb-border-radius-top-right:0px;--awb-border-radius-bottom-right:0px;--awb-border-radius-bottom-left:0px;\" ><div class=\"fusion-builder-row fusion-row fusion-flex-align-items-flex-start\" style=\"max-width:calc( 85vw + 0px );margin-left: calc(-0px \/ 2 );margin-right: calc(-0px \/ 2 );\"><div class=\"fusion-layout-column fusion_builder_column fusion-builder-column-2 fusion_builder_column_2_3 2_3 fusion-flex-column fusion-flex-align-self-flex-start\" style=\"--awb-bg-position:center center;--awb-bg-size:cover;--awb-width-large:66.666666666667%;--awb-spacing-right-large:0;--awb-spacing-left-large:0;--awb-width-medium:66.666666666667%;--awb-order-medium:0;--awb-spacing-right-medium:0;--awb-spacing-left-medium:0;--awb-width-small:100%;--awb-order-small:0;--awb-spacing-right-small:0;--awb-spacing-left-small:0;\"><div class=\"fusion-column-wrapper fusion-column-has-shadow fusion-flex-justify-content-flex-start fusion-content-layout-column\"><div class=\"fusion-title title fusion-title-1 fusion-sep-none fusion-title-text fusion-title-size-one\"><h1 class=\"title-heading-left fusion-responsive-typography-calculated\" style=\"--fontSize:64;line-height:1.1;\">Verbesserte Hygienestandards, mehr Betriebssicherheit \u2013 mit pig-o-bello plus.<\/h1><\/div><div class=\"fusion-text fusion-text-2\"><p><strong>Unsere Produktinnovation pig-o-bello plus, ein gef\u00fclltes Eckenrad f\u00fcr Rohrkettenf\u00f6rdersysteme, haben wir erstmalig auf der <a href=\"https:\/\/www.eurotier.com\/de\/\">EuroTier<\/a> pr\u00e4sentiert, der weltweit f\u00fchrenden Fachmesse f\u00fcr Tierhaltung.<\/strong><\/p>\n<p>H\u00f6chste Hygienestandards sind bei der F\u00fctterung von Stroh und Trockenfutter mit Rohkettenf\u00f6rderanlagen unerl\u00e4sslich. Auch die Reinigung und Restentleerung spielen hierbei eine tragende Rolle. Mit unserem neuen Eckenrad pig-o-bello plus setzen unsere Witte Produktentwickler erneut Ma\u00dfst\u00e4be und sorgen f\u00fcr eine optimierte Betriebssicherheit und verbesserte Hygienestandards auf landwirtschaftlichen Betrieben.<\/p>\n<p><strong>Einfach clever: Eine Ecke ohne Hohlr\u00e4ume.<\/strong><\/p>\n<p>Anders als bei den im Markt g\u00e4ngigen Eckenrad-L\u00f6sungen, bei denen in der Regel zwischen den Speichen ein Freiraum vorhanden ist, ist bei unserem neuen Eckenrad der Raum zwischen den Speichen verf\u00fcllt. Dieses stellt sicher, dass sich kein Futter oder Stroh in den Ecken der Anlage festsetzen kann. Mit pig-o-bello plus beugen Sie unerw\u00fcnschten Verschmutzungen der Ecke oder schlimmstenfalls einer kompletten Blockade der F\u00f6rderanlage optimal vor.<\/p>\n<p><strong>Einfach durchdacht: Bessere Hygiene erh\u00f6ht Tiergesundheit.<\/strong><\/p>\n<p>In der Entwicklung legen wir gr\u00f6\u00dften Wert darauf, dass unsere Produkte auf die Bed\u00fcrfnisse von Mensch und Tier in der Landwirtschaft zugeschnitten werden. So auch bei pig-o-bello plus. Durch die Reduzierung von unerw\u00fcnschtem Verkleben und dem Verbleiben von altem Futter und Stroh in den Ecken wird die Hygiene in der gesamten Anlage optimiert: Schimmelbildung und m\u00f6gliche Kontaminationen des Futters werden verhindert.<\/p>\n<p><strong>Ihre Vorteile auf einen Blick:<\/strong><\/p>\n<p>+ verf\u00fcllter Raum zwischen den Speichen verhindert das Festsetzen von Futter oder Stroh<br \/>\n+ nutzbar f\u00fcr alle Ecken im \u00f8 60 mm und \u00f8 80 mm Rohrkettenf\u00f6rdersystem<br \/>\n+ optimiert die Betriebssicherheit der Ecke<br \/>\n+ verbessert den Hygienestandard der Ecke<br \/>\n+ erh\u00f6ht die Tiergesundheit<\/p>\n<p>Sie m\u00f6chten weitere detaillierte Informationen \u00fcber unser Eckenrad pig-o-bello plus erhalten oder haben Fragen zu unseren Rohrkettenf\u00f6rdersystemen? Wir freuen uns \u00fcber Ihre Nachricht!<\/p>\n<\/div><div class=\"fusion-builder-row fusion-builder-row-inner fusion-row fusion-flex-align-items-flex-start\" style=\"width:calc( 100% + 0px ) !important;max-width:calc( 100% + 0px ) !important;margin-left: calc(-0px \/ 2 );margin-right: calc(-0px \/ 2 );\"><div class=\"fusion-layout-column fusion_builder_column_inner fusion-builder-nested-column-0 fusion_builder_column_inner_1_1 1_1 fusion-flex-column\" style=\"--awb-bg-size:cover;--awb-width-large:100%;--awb-margin-top-large:30px;--awb-spacing-right-large:0;--awb-spacing-left-large:0;--awb-width-medium:100%;--awb-order-medium:0;--awb-spacing-right-medium:0;--awb-spacing-left-medium:0;--awb-width-small:100%;--awb-order-small:0;--awb-spacing-right-small:0;--awb-spacing-left-small:0;\"><div class=\"fusion-column-wrapper fusion-column-has-shadow fusion-flex-justify-content-flex-start fusion-content-layout-row fusion-flex-align-items-center fusion-content-nowrap\"><div ><a class=\"fusion-button button-flat fusion-button-default-size button-default fusion-button-default button-1 fusion-button-default-span fusion-button-default-type nowhitespace\" target=\"_self\" href=\"mailto:info@witte-lastrup.de\"><span class=\"fusion-button-text\">E-Mail<\/span><\/a><\/div><div class=\"fusion-text fusion-text-3 fusion-text-no-margin\" style=\"--awb-margin-right:15px;--awb-margin-left:15px;\"><p>oder<\/p>\n<\/div><div ><a class=\"fusion-button button-flat fusion-button-default-size button-default fusion-button-default button-2 fusion-button-default-span fusion-button-default-type\" target=\"_self\" href=\"tel:+49447294040\"><span class=\"fusion-button-text\">Telefon<\/span><\/a><\/div><\/div><\/div><\/div><div class=\"fusion-image-element \" style=\"--awb-margin-top:80px;--awb-margin-bottom:50px;\"><span class=\" fusion-imageframe imageframe-none imageframe-2 hover-type-none\"><img decoding=\"async\" width=\"2400\" height=\"2400\" title=\"blogbeitrag-pig-o-bello-plus\" src=\"https:\/\/witte-lastrup.de\/wp-content\/uploads\/2022\/11\/blogbeitrag-pig-o-bello-plus.jpg\" alt class=\"img-responsive wp-image-15738\" srcset=\"https:\/\/witte-lastrup.de\/wp-content\/uploads\/2022\/11\/blogbeitrag-pig-o-bello-plus-200x200.jpg 200w, https:\/\/witte-lastrup.de\/wp-content\/uploads\/2022\/11\/blogbeitrag-pig-o-bello-plus-400x400.jpg 400w, https:\/\/witte-lastrup.de\/wp-content\/uploads\/2022\/11\/blogbeitrag-pig-o-bello-plus-600x600.jpg 600w, https:\/\/witte-lastrup.de\/wp-content\/uploads\/2022\/11\/blogbeitrag-pig-o-bello-plus-800x800.jpg 800w, https:\/\/witte-lastrup.de\/wp-content\/uploads\/2022\/11\/blogbeitrag-pig-o-bello-plus-1200x1200.jpg 1200w, https:\/\/witte-lastrup.de\/wp-content\/uploads\/2022\/11\/blogbeitrag-pig-o-bello-plus.jpg 2400w\" sizes=\"(max-width: 640px) 100vw, 2400px\" \/><\/span><\/div><\/div><\/div><\/div><\/div><\/p>\n","protected":false},"excerpt":{"rendered":"","protected":false},"author":7,"featured_media":0,"parent":0,"menu_order":0,"comment_status":"closed","ping_status":"closed","template":"100-width.php","meta":{"inline_featured_image":false,"footnotes":""},"class_list":["post-15971","page","type-page","status-publish","hentry"],"yoast_head":"<!-- This site is optimized with the Yoast SEO plugin v19.14 - https:\/\/yoast.com\/wordpress\/plugins\/seo\/ -->\n<title>Unsere Vertriebspartner| Witte Lastrup<\/title>\n<meta name=\"description\" content=\"Gemeinsam mit unseren langj\u00e4hrigen Partnern, erfahrene Stalleinrichter, stellen die f\u00fcr Sie optimale Anlagen zusammen.\" \/>\n<meta name=\"robots\" content=\"index, follow, max-snippet:-1, max-image-preview:large, max-video-preview:-1\" \/>\n<link rel=\"canonical\" href=\"https:\/\/witte-lastrup.de\/en\/pig-o-bello-plus\/\" \/>\n<meta property=\"og:locale\" content=\"en_US\" \/>\n<meta property=\"og:type\" content=\"article\" \/>\n<meta property=\"og:title\" content=\"Unsere Vertriebspartner| Witte Lastrup\" \/>\n<meta property=\"og:description\" content=\"Gemeinsam mit unseren langj\u00e4hrigen Partnern, erfahrene Stalleinrichter, stellen die f\u00fcr Sie optimale Anlagen zusammen.\" \/>\n<meta property=\"og:url\" content=\"https:\/\/witte-lastrup.de\/en\/pig-o-bello-plus\/\" \/>\n<meta property=\"og:site_name\" content=\"Witte Lastrup\" \/>\n<meta property=\"article:modified_time\" content=\"2022-12-19T14:16:11+00:00\" \/>\n<meta name=\"twitter:card\" content=\"summary_large_image\" \/>\n<meta name=\"twitter:label1\" content=\"Est. reading time\" \/>\n\t<meta name=\"twitter:data1\" content=\"27 minutes\" \/>\n<script type=\"application\/ld+json\" class=\"yoast-schema-graph\">{\"@context\":\"https:\/\/schema.org\",\"@graph\":[{\"@type\":\"WebPage\",\"@id\":\"https:\/\/witte-lastrup.de\/en\/pig-o-bello-plus\/\",\"url\":\"https:\/\/witte-lastrup.de\/en\/pig-o-bello-plus\/\",\"name\":\"Unsere Vertriebspartner| Witte Lastrup\",\"isPartOf\":{\"@id\":\"https:\/\/witte-lastrup.de\/en\/#website\"},\"datePublished\":\"2022-11-03T08:42:27+00:00\",\"dateModified\":\"2022-12-19T14:16:11+00:00\",\"description\":\"Gemeinsam mit unseren langj\u00e4hrigen Partnern, erfahrene Stalleinrichter, stellen die f\u00fcr Sie optimale Anlagen zusammen.\",\"inLanguage\":\"en-US\",\"potentialAction\":[{\"@type\":\"ReadAction\",\"target\":[\"https:\/\/witte-lastrup.de\/en\/pig-o-bello-plus\/\"]}]},{\"@type\":\"WebSite\",\"@id\":\"https:\/\/witte-lastrup.de\/en\/#website\",\"url\":\"https:\/\/witte-lastrup.de\/en\/\",\"name\":\"Witte Lastrup\",\"description\":\"\",\"potentialAction\":[{\"@type\":\"SearchAction\",\"target\":{\"@type\":\"EntryPoint\",\"urlTemplate\":\"https:\/\/witte-lastrup.de\/en\/?s={search_term_string}\"},\"query-input\":\"required name=search_term_string\"}],\"inLanguage\":\"en-US\"}]}<\/script>\n<!-- \/ Yoast SEO plugin. -->","yoast_head_json":{"title":"Unsere Vertriebspartner| Witte Lastrup","description":"Gemeinsam mit unseren langj\u00e4hrigen Partnern, erfahrene Stalleinrichter, stellen die f\u00fcr Sie optimale Anlagen zusammen.","robots":{"index":"index","follow":"follow","max-snippet":"max-snippet:-1","max-image-preview":"max-image-preview:large","max-video-preview":"max-video-preview:-1"},"canonical":"https:\/\/witte-lastrup.de\/en\/pig-o-bello-plus\/","og_locale":"en_US","og_type":"article","og_title":"Unsere Vertriebspartner| Witte Lastrup","og_description":"Gemeinsam mit unseren langj\u00e4hrigen Partnern, erfahrene Stalleinrichter, stellen die f\u00fcr Sie optimale Anlagen zusammen.","og_url":"https:\/\/witte-lastrup.de\/en\/pig-o-bello-plus\/","og_site_name":"Witte Lastrup","article_modified_time":"2022-12-19T14:16:11+00:00","twitter_card":"summary_large_image","twitter_misc":{"Est. reading time":"27 minutes"},"schema":{"@context":"https:\/\/schema.org","@graph":[{"@type":"WebPage","@id":"https:\/\/witte-lastrup.de\/en\/pig-o-bello-plus\/","url":"https:\/\/witte-lastrup.de\/en\/pig-o-bello-plus\/","name":"Unsere Vertriebspartner| Witte Lastrup","isPartOf":{"@id":"https:\/\/witte-lastrup.de\/en\/#website"},"datePublished":"2022-11-03T08:42:27+00:00","dateModified":"2022-12-19T14:16:11+00:00","description":"Gemeinsam mit unseren langj\u00e4hrigen Partnern, erfahrene Stalleinrichter, stellen die f\u00fcr Sie optimale Anlagen zusammen.","inLanguage":"en-US","potentialAction":[{"@type":"ReadAction","target":["https:\/\/witte-lastrup.de\/en\/pig-o-bello-plus\/"]}]},{"@type":"WebSite","@id":"https:\/\/witte-lastrup.de\/en\/#website","url":"https:\/\/witte-lastrup.de\/en\/","name":"Witte Lastrup","description":"","potentialAction":[{"@type":"SearchAction","target":{"@type":"EntryPoint","urlTemplate":"https:\/\/witte-lastrup.de\/en\/?s={search_term_string}"},"query-input":"required name=search_term_string"}],"inLanguage":"en-US"}]}},"_links":{"self":[{"href":"https:\/\/witte-lastrup.de\/en\/wp-json\/wp\/v2\/pages\/15971","targetHints":{"allow":["GET"]}}],"collection":[{"href":"https:\/\/witte-lastrup.de\/en\/wp-json\/wp\/v2\/pages"}],"about":[{"href":"https:\/\/witte-lastrup.de\/en\/wp-json\/wp\/v2\/types\/page"}],"author":[{"embeddable":true,"href":"https:\/\/witte-lastrup.de\/en\/wp-json\/wp\/v2\/users\/7"}],"replies":[{"embeddable":true,"href":"https:\/\/witte-lastrup.de\/en\/wp-json\/wp\/v2\/comments?post=15971"}],"version-history":[{"count":1,"href":"https:\/\/witte-lastrup.de\/en\/wp-json\/wp\/v2\/pages\/15971\/revisions"}],"predecessor-version":[{"id":15972,"href":"https:\/\/witte-lastrup.de\/en\/wp-json\/wp\/v2\/pages\/15971\/revisions\/15972"}],"wp:attachment":[{"href":"https:\/\/witte-lastrup.de\/en\/wp-json\/wp\/v2\/media?parent=15971"}],"curies":[{"name":"wp","href":"https:\/\/api.w.org\/{rel}","templated":true}]}}